{"id":1067,"date":"2023-04-14T16:09:36","date_gmt":"2023-04-14T16:09:36","guid":{"rendered":"https:\/\/artivain.com\/?page_id=32"},"modified":"2025-06-27T02:40:28","modified_gmt":"2025-06-27T06:40:28","slug":"contact","status":"publish","type":"page","link":"https:\/\/artivain.com\/en\/contact\/","title":{"rendered":"Contact"},"content":{"rendered":"<div class=\"fusion-fullwidth fullwidth-box fusion-builder-row-1 fusion-flex-container has-pattern-background has-mask-background nonhundred-percent-fullwidth non-hundred-percent-height-scrolling fusion-animated hero-bg-double\" style=\"--awb-border-radius-top-left:0px;--awb-border-radius-top-right:0px;--awb-border-radius-bottom-right:0px;--awb-border-radius-bottom-left:0px;--awb-padding-top:9vw;--awb-padding-bottom:9vw;--awb-padding-top-small:20vw;--awb-padding-bottom-small:17vw;--awb-flex-wrap:wrap;--awb-animation-color:var(--awb-color7);\" data-animationtype=\"revealInLeft\" data-animationduration=\"1.3\" data-animationoffset=\"top-into-view\" ><div class=\"fusion-builder-row fusion-row fusion-flex-align-items-stretch fusion-flex-justify-content-center fusion-flex-content-wrap\" style=\"max-width:calc( 1200px + 0px );margin-left: calc(-0px \/ 2 );margin-right: calc(-0px \/ 2 );\"><div class=\"fusion-layout-column fusion_builder_column fusion-builder-column-0 fusion-flex-column fusion-animated\" style=\"--awb-bg-size:cover;--awb-width-large:77.24%;--awb-margin-top-large:0px;--awb-spacing-right-large:0px;--awb-margin-bottom-large:0px;--awb-spacing-left-large:0px;--awb-width-medium:77.24%;--awb-order-medium:0;--awb-spacing-right-medium:0px;--awb-spacing-left-medium:0px;--awb-width-small:100%;--awb-order-small:0;--awb-spacing-right-small:0px;--awb-spacing-left-small:0px;\" data-animationtype=\"fadeInUp\" data-animationduration=\"1.3\" data-animationdelay=\"1.0\" data-animationoffset=\"top-into-view\"><div class=\"fusion-column-wrapper fusion-column-has-shadow fusion-flex-justify-content-flex-start fusion-content-layout-column\"><div class=\"fusion-title title fusion-title-1 fusion-no-small-visibility fusion-sep-none fusion-title-center fusion-title-text fusion-title-size-one\" style=\"--awb-text-color:var(--awb-color5);--awb-margin-top:0px;--awb-margin-bottom:0px;\"><h1 class=\"fusion-title-heading title-heading-center\" style=\"margin:0;\">Contact Us<\/h1><\/div><div class=\"fusion-title title fusion-title-2 fusion-no-medium-visibility fusion-no-large-visibility fusion-sep-none fusion-title-center fusion-title-text fusion-title-size-one\" style=\"--awb-text-color:var(--awb-color5);--awb-margin-bottom:60px;--awb-margin-bottom-small:30px;--awb-font-size:40px;\"><h1 class=\"fusion-title-heading title-heading-center\" style=\"margin:0;font-size:1em;line-height:52px;\">Contact Us<\/h1><\/div><div class=\"fusion-separator fusion-full-width-sep\" style=\"align-self: center;margin-left: auto;margin-right: auto;margin-top:120px;width:100%;\"><\/div><\/div><\/div><div class=\"fusion-layout-column fusion_builder_column fusion-builder-column-1 fusion_builder_column_3_5 3_5 fusion-flex-column fusion-animated\" style=\"--awb-padding-top:20px;--awb-padding-right:20px;--awb-padding-left:20px;--awb-bg-color:var(--awb-color1);--awb-bg-color-hover:var(--awb-color1);--awb-bg-size:cover;--awb-width-large:60%;--awb-margin-top-large:0px;--awb-spacing-right-large:0px;--awb-margin-bottom-large:0px;--awb-spacing-left-large:0px;--awb-width-medium:60%;--awb-order-medium:0;--awb-spacing-right-medium:0px;--awb-spacing-left-medium:0px;--awb-width-small:100%;--awb-order-small:0;--awb-spacing-right-small:0px;--awb-spacing-left-small:0px;\" data-animationtype=\"fadeInUp\" data-animationduration=\"1.3\" data-animationdelay=\"0.3\" data-animationoffset=\"top-into-view\"><div class=\"fusion-column-wrapper fusion-column-has-shadow fusion-flex-justify-content-flex-start fusion-content-layout-column\"><div class=\"fusion-title title fusion-title-3 fusion-sep-none fusion-title-text fusion-title-size-three\"><h3 class=\"fusion-title-heading title-heading-left\" style=\"margin:0;\">Reach out to us quickly<\/h3><\/div><style>.hide-label .fusion-form-label-wrapper label {\r\n  display: none !important;\r\n}<\/style><div class=\"fusion-form fusion-form-builder fusion-form-form-wrapper fusion-form-98\" style=\"--awb-tooltip-text-color:#ffffff;--awb-tooltip-background-color:#333333;\" data-form-id=\"98\" data-config=\"{&quot;form_id&quot;:&quot;98&quot;,&quot;form_post_id&quot;:&quot;98&quot;,&quot;post_id&quot;:1067,&quot;form_type&quot;:&quot;ajax&quot;,&quot;confirmation_type&quot;:&quot;message&quot;,&quot;redirect_url&quot;:&quot;&quot;,&quot;redirect_timeout&quot;:&quot;0&quot;,&quot;field_labels&quot;:{&quot;name&quot;:&quot;Commencez par votre nom:&quot;,&quot;entity&quot;:&quot;Vous voulez nous contacter pour&quot;,&quot;business-name&quot;:&quot;Et de quelle entreprise s&#039;agit-il?&quot;,&quot;project-name&quot;:&quot;Si votre projet a d\\u00e9j\\u00e0 un nom, on aimerait le connaitre!&quot;,&quot;is_already_customer&quot;:&quot;D\\u00e9j\\u00e0 client&quot;,&quot;message&quot;:&quot;Dites-nous comment nous pouvons vous aider:&quot;,&quot;email&quot;:&quot;\\u00c0 quelle adresse courriel voulez-vous qu&#039;on vous r\\u00e9ponde?&quot;,&quot;phone&quot;:&quot;Auriez-vous en plus un num\\u00e9ro de t\\u00e9l\\u00e9phone o\\u00f9 l&#039;on peut vous rejoindre?&quot;,&quot;contact-preference&quot;:&quot;Vous pr\\u00e9f\\u00e9rez qu&#039;on vous r\\u00e9ponde&quot;},&quot;field_logics&quot;:{&quot;name&quot;:&quot;&quot;,&quot;fusion_text_1&quot;:&quot;[{\\&quot;operator\\&quot;:\\&quot;and\\&quot;,\\&quot;comparison\\&quot;:\\&quot;not-equal\\&quot;,\\&quot;field\\&quot;:\\&quot;name\\&quot;,\\&quot;value\\&quot;:\\&quot;\\&quot;}]&quot;,&quot;entity&quot;:&quot;[{\\&quot;operator\\&quot;:\\&quot;and\\&quot;,\\&quot;comparison\\&quot;:\\&quot;not-equal\\&quot;,\\&quot;field\\&quot;:\\&quot;name\\&quot;,\\&quot;value\\&quot;:\\&quot;\\&quot;}]&quot;,&quot;business-name&quot;:&quot;[{\\&quot;operator\\&quot;:\\&quot;and\\&quot;,\\&quot;comparison\\&quot;:\\&quot;equal\\&quot;,\\&quot;field\\&quot;:\\&quot;entity\\&quot;,\\&quot;value\\&quot;:\\&quot;business\\&quot;}]&quot;,&quot;project-name&quot;:&quot;[{\\&quot;operator\\&quot;:\\&quot;and\\&quot;,\\&quot;comparison\\&quot;:\\&quot;equal\\&quot;,\\&quot;field\\&quot;:\\&quot;entity\\&quot;,\\&quot;value\\&quot;:\\&quot;project\\&quot;}]&quot;,&quot;is_already_customer&quot;:&quot;[{\\&quot;operator\\&quot;:\\&quot;and\\&quot;,\\&quot;comparison\\&quot;:\\&quot;not-equal\\&quot;,\\&quot;field\\&quot;:\\&quot;entity\\&quot;,\\&quot;value\\&quot;:\\&quot;\\&quot;}]&quot;,&quot;fusion_text_2&quot;:&quot;[{\\&quot;operator\\&quot;:\\&quot;and\\&quot;,\\&quot;comparison\\&quot;:\\&quot;not-equal\\&quot;,\\&quot;field\\&quot;:\\&quot;new_customer\\&quot;,\\&quot;value\\&quot;:\\&quot;\\&quot;}]&quot;,&quot;message&quot;:&quot;[{\\&quot;operator\\&quot;:\\&quot;and\\&quot;,\\&quot;comparison\\&quot;:\\&quot;not-equal\\&quot;,\\&quot;field\\&quot;:\\&quot;entity\\&quot;,\\&quot;value\\&quot;:\\&quot;\\&quot;}]&quot;,&quot;email&quot;:&quot;[{\\&quot;operator\\&quot;:\\&quot;and\\&quot;,\\&quot;comparison\\&quot;:\\&quot;not-equal\\&quot;,\\&quot;field\\&quot;:\\&quot;message\\&quot;,\\&quot;value\\&quot;:\\&quot;\\&quot;}]&quot;,&quot;phone&quot;:&quot;[{\\&quot;operator\\&quot;:\\&quot;and\\&quot;,\\&quot;comparison\\&quot;:\\&quot;not-equal\\&quot;,\\&quot;field\\&quot;:\\&quot;email\\&quot;,\\&quot;value\\&quot;:\\&quot;\\&quot;}]&quot;,&quot;contact-preference&quot;:&quot;[{\\&quot;operator\\&quot;:\\&quot;and\\&quot;,\\&quot;comparison\\&quot;:\\&quot;not-equal\\&quot;,\\&quot;field\\&quot;:\\&quot;phone\\&quot;,\\&quot;value\\&quot;:\\&quot;\\&quot;}]&quot;,&quot;fusion_text_3&quot;:&quot;[{\\&quot;operator\\&quot;:\\&quot;and\\&quot;,\\&quot;comparison\\&quot;:\\&quot;not-equal\\&quot;,\\&quot;field\\&quot;:\\&quot;contact-preference\\&quot;,\\&quot;value\\&quot;:\\&quot;\\&quot;}]&quot;,&quot;submit_1&quot;:&quot;&quot;,&quot;notice_1&quot;:&quot;&quot;},&quot;field_types&quot;:{&quot;name&quot;:&quot;text&quot;,&quot;fusion_text_1&quot;:&quot;fusion_text&quot;,&quot;bonjour_les_hackers&quot;:&quot;honeypot&quot;,&quot;entity&quot;:&quot;radio&quot;,&quot;business-name&quot;:&quot;text&quot;,&quot;project-name&quot;:&quot;text&quot;,&quot;is_already_customer&quot;:&quot;consent&quot;,&quot;fusion_text_2&quot;:&quot;fusion_text&quot;,&quot;message&quot;:&quot;textarea&quot;,&quot;email&quot;:&quot;email&quot;,&quot;phone&quot;:&quot;phone_number&quot;,&quot;contact-preference&quot;:&quot;radio&quot;,&quot;fusion_text_3&quot;:&quot;fusion_text&quot;,&quot;submit_1&quot;:&quot;submit&quot;,&quot;notice_1&quot;:&quot;notice&quot;},&quot;nonce_method&quot;:&quot;ajax&quot;,&quot;form_views&quot;:&quot;ajax&quot;,&quot;form_views_counting&quot;:&quot;all&quot;}\"><form action=\"https:\/\/artivain.com\/en\/contact\/\" method=\"post\" class=\"fusion-form fusion-form-98\" data-trp-original-action=\"https:\/\/artivain.com\/en\/contact\/\"><div class=\"fusion-fullwidth fullwidth-box fusion-builder-row-1-1 fusion-flex-container has-pattern-background has-mask-background nonhundred-percent-fullwidth non-hundred-percent-height-scrolling\" style=\"--awb-border-radius-top-left:0px;--awb-border-radius-top-right:0px;--awb-border-radius-bottom-right:0px;--awb-border-radius-bottom-left:0px;--awb-flex-wrap:wrap;\" ><div class=\"fusion-builder-row fusion-row fusion-flex-align-items-flex-start fusion-flex-content-wrap\" style=\"width:104% !important;max-width:104% !important;margin-left: calc(-4% \/ 2 );margin-right: calc(-4% \/ 2 );\"><div class=\"fusion-layout-column fusion_builder_column fusion-builder-column-2 fusion_builder_column_1_1 1_1 fusion-flex-column\" style=\"--awb-bg-size:cover;--awb-width-large:100%;--awb-flex-grow:0;--awb-flex-shrink:0;--awb-margin-top-large:0px;--awb-spacing-right-large:1.92%;--awb-margin-bottom-large:20px;--awb-spacing-left-large:1.92%;--awb-width-medium:100%;--awb-order-medium:0;--awb-flex-grow-medium:0;--awb-flex-shrink-medium:0;--awb-spacing-right-medium:1.92%;--awb-spacing-left-medium:1.92%;--awb-width-small:100%;--awb-order-small:0;--awb-flex-grow-small:0;--awb-flex-shrink-small:0;--awb-spacing-right-small:1.92%;--awb-spacing-left-small:1.92%;\"><div class=\"fusion-column-wrapper fusion-column-has-shadow fusion-flex-justify-content-flex-start fusion-content-layout-column\"><div id=\"name\" class=\"fusion-form-field fusion-form-text-field fusion-form-label-above\" style=\"\" data-form-id=\"98\"><div class=\"fusion-form-label-wrapper\"><label for=\"name\">Start with your name: <abbr class=\"fusion-form-element-required\" title=\"required\">*<\/abbr><\/label><\/div><div class=\"fusion-form-input-with-icon\"><i class=\"awb-form-icon fa-user fas\"><\/i><input type=\"text\" autocomplete=\"off\"  pattern=\"[a-zA-Z0-9]+\"  data-empty-notice=\"On aimerait savoir \u00e0 qui on parle!\" name=\"name\" id=\"name\" value=\"\"  class=\"fusion-form-input\" required=\"true\" aria-required=\"true\" data-holds-private-data=\"false\" minlength=\"0\"\/><\/div><\/div><div class=\"fusion-text fusion-text-1 fusion-animated fusion-form-field-hidden\" data-animationtype=\"fadeInLeft\" data-animationduration=\"1.5\" data-animationoffset=\"top-into-view\" data-form-element-name=\"fusion_text_1\"><p>\ud83d\udc4b Nice to meet you, <span id=\"animation-name\"><\/span>!<\/p>\n<\/div><script>\n\/\/ Simple, mais efficace.\n\/\/ Petit cadeau pour toi qui aimes regarder le code source des pages Web, tu peux copier le code des 5 prochaines lignes pour reproduire le message enchant\u00e9, <nom>!\nconst nameInput = document.querySelector(\"#name input\");\nnameInput.addEventListener(\"change\", () => {\n  document.getElementById(\"animation-name\").innerText = nameInput.value;\n});\n<\/script><div id=\"travaille-avec-nous-a-la-place\" class=\"fusion-form-field fusion-form-honeypot-field fusion-form-label-above merci-de-pas-nous-pirater\" style=\"\" data-form-id=\"98\"><input type=\"hidden\" tabindex=\"-1\" name=\"bonjour_les_hackers\" class=\"fusion-form-input\" autocomplete=\"hypot-69ef206b235f0\" aria-hidden=\"true\" data-fusion-is-honeypot=\"true\"><\/div><div class=\"fusion-form-field fusion-form-radio-field fusion-form-label-above fusion-form-field-hidden\" style=\"\" data-form-id=\"98\" data-form-element-name=\"radio_1\"><fieldset><legend class=\"fusion-form-label-wrapper\"><span class=\"label\">You\u2019d like to reach out about <abbr class=\"fusion-form-element-required\" title=\"required\">*<\/abbr><\/span><\/legend><div class=\"fusion-form-radio\"><input data-empty-notice=\"On aimerait savoir quelle est votre situation, pour mieux vous servir!\" tabindex=\"\" id=\"radio-entity-1-0\" type=\"radio\" value=\"personal\" name=\"entity\" class=\"fusion-form-input\" required=\"true\" aria-required=\"true\" data-holds-private-data=\"false\"\/><label for=\"radio-entity-1-0\">yourself (personal)<\/label><\/div><div class=\"fusion-form-radio\"><input data-empty-notice=\"On aimerait savoir quelle est votre situation, pour mieux vous servir!\" tabindex=\"\" id=\"radio-entity-1-1\" type=\"radio\" value=\"project\" name=\"entity\" class=\"fusion-form-input\" required=\"true\" aria-required=\"true\" data-holds-private-data=\"false\"\/><label for=\"radio-entity-1-1\">your future project<\/label><\/div><div class=\"fusion-form-radio\"><input data-empty-notice=\"On aimerait savoir quelle est votre situation, pour mieux vous servir!\" tabindex=\"\" id=\"radio-entity-1-2\" type=\"radio\" value=\"business\" name=\"entity\" class=\"fusion-form-input\" required=\"true\" aria-required=\"true\" data-holds-private-data=\"false\"\/><label for=\"radio-entity-1-2\">for a business<\/label><\/div><\/fieldset><\/div><div class=\"fusion-form-field fusion-form-text-field fusion-form-label-above fusion-form-field-hidden\" style=\"\" data-form-id=\"98\" data-form-element-name=\"text_2\"><div class=\"fusion-form-label-wrapper\"><label for=\"business-name\">And what company is it? <abbr class=\"fusion-form-element-required\" title=\"required\">*<\/abbr><\/label><\/div><div class=\"fusion-form-input-with-icon\"><i class=\"awb-form-icon fa-briefcase fas\"><\/i><input type=\"text\" autocomplete=\"off\"  data-empty-notice=\"Votre entreprise n'a pas de nom?\" name=\"business-name\" id=\"business-name\" value=\"\"  class=\"fusion-form-input\" required=\"true\" aria-required=\"true\" data-holds-private-data=\"false\" minlength=\"0\"\/><\/div><\/div><div class=\"fusion-form-field fusion-form-text-field fusion-form-label-above fusion-form-field-hidden\" style=\"\" data-form-id=\"98\" data-form-element-name=\"text_3\"><div class=\"fusion-form-label-wrapper\"><label for=\"project-name\">If your project already has a name, we\u2019d love to know it!<\/label><\/div><div class=\"fusion-form-input-with-icon\"><i class=\"awb-form-icon fa-seedling fas\"><\/i><input type=\"text\" autocomplete=\"off\" name=\"project-name\" id=\"project-name\" value=\"\"  class=\"fusion-form-input\" data-holds-private-data=\"false\" minlength=\"0\"\/><\/div><\/div><div class=\"fusion-form-field fusion-form-consent-field fusion-form-label-above hide-label fusion-form-field-hidden\" style=\"\" data-form-id=\"98\" data-form-element-name=\"consent_1\"><div class=\"fusion-form-label-wrapper\"><label for=\"is_already_customer\">D\u00e9j\u00e0 client<\/label><\/div><div class=\"fusion-form-checkbox option-inline\"><input tabindex=\"\" id=\"is_already_customer\" type=\"checkbox\" value=\"1\" name=\"is_already_customer\" class=\"fusion-form-input\"\/><label for=\"is_already_customer\">We\u2019ve worked together before<\/label><\/div><\/div><div class=\"fusion-text fusion-text-2 fusion-animated fusion-form-field-hidden\" data-animationtype=\"fadeInLeft\" data-animationduration=\"1.0\" data-animationoffset=\"top-into-view\" data-form-element-name=\"fusion_text_2\"><p>\ud83d\ude0a Super! On s'ennuyait justement de vous!<\/p>\n<\/div><div class=\"fusion-form-field fusion-form-textarea-field fusion-form-label-above fusion-form-field-hidden\" style=\"\" data-form-id=\"98\" data-form-element-name=\"textarea_1\"><label for=\"message\">Tell us how we can help you: <abbr class=\"fusion-form-element-required\" title=\"required\">*<\/abbr><\/label><div class=\"fusion-form-input-with-icon\"><i class=\"fa-comment fas\"><\/i><textarea cols=\"40\" autocomplete=\"off\" data-empty-notice=\"Vous n'avez pas besoin d'aide? Alors parlez vous de la m\u00e9t\u00e9o, ou de votre animal de compagnie!\"  minlength=\"0\"  rows=\"4\" tabindex=\"\" id=\"message\" name=\"message\" class=\"fusion-form-input\" required=\"true\" aria-required=\"true\" data-holds-private-data=\"false\"><\/textarea><\/div><\/div><div class=\"fusion-form-field fusion-form-email-field fusion-form-label-above fusion-form-field-hidden\" style=\"\" data-form-id=\"98\" data-form-element-name=\"email_1\"><div class=\"fusion-form-label-wrapper\"><label for=\"email\">What email address should we respond to? <abbr class=\"fusion-form-element-required\" title=\"required\">*<\/abbr><\/label><\/div><div class=\"fusion-form-input-with-icon\"><i class=\"awb-form-icon fa-envelope fas\"><\/i><input type=\"email\" autocomplete=\"off\"  data-empty-notice=\"Vous n'avez pas d'adresse courriel? Appelez-nous, nous avons justement des services d'h\u00e9bergement de courriels!\" name=\"email\" id=\"email\" value=\"\"  class=\"fusion-form-input\" required=\"true\" aria-required=\"true\" data-holds-private-data=\"false\"\/><\/div><\/div><div class=\"fusion-form-field fusion-form-phone-number-field fusion-form-label-above fusion-form-field-hidden\" style=\"\" data-form-id=\"98\" data-form-element-name=\"phone_number_1\"><div class=\"fusion-form-label-wrapper\"><label for=\"phone\">Do you also have a phone number where we can reach you?<\/label><\/div><div class=\"fusion-form-input-with-icon\"><i class=\"awb-form-icon fa-phone-alt fas\"><\/i><input type=\"tel\" autocomplete=\"off\" name=\"phone\" id=\"phone\" value=\"\"  class=\"fusion-form-input\" data-holds-private-data=\"false\"\/><\/div><\/div><div class=\"fusion-form-field fusion-form-radio-field fusion-form-label-above fusion-form-field-hidden\" style=\"\" data-form-id=\"98\" data-form-element-name=\"radio_2\"><fieldset><legend class=\"fusion-form-label-wrapper\"><span class=\"label\">How would you like us to respond <abbr class=\"fusion-form-element-required\" title=\"required\">*<\/abbr><\/span><\/legend><div class=\"fusion-form-radio\"><input data-empty-notice=\"On aimerait savoir votre pr\u00e9f\u00e9rence entre un appel t\u00e9l\u00e9phonique ou un courriel. On sait, c'est parfois un choix difficile.\" tabindex=\"\" id=\"radio-contact-preference-2-0\" type=\"radio\" value=\"call\" name=\"contact-preference\" class=\"fusion-form-input\" required=\"true\" aria-required=\"true\" data-holds-private-data=\"false\"\/><label for=\"radio-contact-preference-2-0\">by phone<\/label><\/div><div class=\"fusion-form-radio\"><input data-empty-notice=\"On aimerait savoir votre pr\u00e9f\u00e9rence entre un appel t\u00e9l\u00e9phonique ou un courriel. On sait, c'est parfois un choix difficile.\" tabindex=\"\" id=\"radio-contact-preference-2-1\" type=\"radio\" value=\"email\" name=\"contact-preference\" class=\"fusion-form-input\" required=\"true\" aria-required=\"true\" data-holds-private-data=\"false\"\/><label for=\"radio-contact-preference-2-1\">by email<\/label><\/div><\/fieldset><\/div><div class=\"fusion-text fusion-text-3 fusion-animated fusion-form-field-hidden\" data-animationtype=\"fadeInLeft\" data-animationduration=\"1.0\" data-animationoffset=\"top-into-view\" data-form-element-name=\"fusion_text_3\"><p>\ud83d\udc4d Wise choice, it\u2019s one of our favorite ways to get back to people!<\/p>\n<\/div>\n<div class=\"fusion-form-field fusion-form-submit-field fusion-form-label-above\" style=\"\" data-form-id=\"98\"><div ><button type=\"submit\" class=\"fusion-button button-flat fusion-button-default-size button-default fusion-button-default button-1 fusion-button-default-span  button-default form-form-submit\" data-form-number=\"98\" tabindex=\"\"><span class=\"fusion-button-text awb-button__text awb-button__text--default\">Send<\/span><\/button><\/div><\/div><div class=\"form-submission-notices data-notice_1\" id=\"fusion-notices-1\"><div class=\"fusion-alert alert success alert-success fusion-alert-center fusion-form-response fusion-form-response-success awb-alert-native-link-color alert-dismissable awb-alert-close-boxed\" role=\"alert\"><div class=\"fusion-alert-content-wrapper\"><span class=\"alert-icon\"><i class=\"awb-icon-check-circle\" aria-hidden=\"true\"><\/i><\/span><span class=\"fusion-alert-content\">Message envoy\u00e9. Nous vous r\u00e9pondrons aussit\u00f4t que possible!<\/span><\/div><button type=\"button\" class=\"close toggle-alert\" data-dismiss=\"alert\" aria-label=\"Close\">&times;<\/button><\/div><div class=\"fusion-alert alert error alert-danger fusion-alert-center fusion-form-response fusion-form-response-error awb-alert-native-link-color alert-dismissable awb-alert-close-boxed\" role=\"alert\"><div class=\"fusion-alert-content-wrapper\"><span class=\"alert-icon\"><i class=\"awb-icon-exclamation-triangle\" aria-hidden=\"true\"><\/i><\/span><span class=\"fusion-alert-content\">Le message n'as pas pu \u00eatre envoy\u00e9...<\/span><\/div><button type=\"button\" class=\"close toggle-alert\" data-dismiss=\"alert\" aria-label=\"Close\">&times;<\/button><\/div><\/div><\/div><\/div><\/div><\/div><input type=\"hidden\" name=\"fusion_privacy_store_ip_ua\" value=\"false\"><input type=\"hidden\" name=\"fusion_privacy_expiration_interval\" value=\"48\"><input type=\"hidden\" name=\"privacy_expiration_action\" value=\"anonymize\"><input type=\"hidden\" name=\"trp-form-language\" value=\"en\"\/><\/form><\/div><div class=\"fusion-text fusion-text-4\" style=\"--awb-margin-top:auto;\"><p>Already a client?&nbsp;<a class=\"plausible-event-name=Demande+de+support+page+contact\" href=\"\/en\/demande-support\/\">Open a support request \u00bb<\/a><\/p>\n<\/div><\/div><\/div><div class=\"fusion-layout-column fusion_builder_column fusion-builder-column-3 fusion_builder_column_2_5 2_5 fusion-flex-column fusion-animated\" style=\"--awb-bg-size:cover;--awb-width-large:40%;--awb-flex-grow:0;--awb-flex-shrink:0;--awb-margin-top-large:0px;--awb-spacing-right-large:0px;--awb-margin-bottom-large:0px;--awb-spacing-left-large:0px;--awb-width-medium:40%;--awb-order-medium:0;--awb-flex-grow-medium:0;--awb-flex-shrink-medium:0;--awb-spacing-right-medium:0px;--awb-spacing-left-medium:0px;--awb-width-small:100%;--awb-order-small:0;--awb-flex-grow-small:0;--awb-flex-shrink-small:0;--awb-margin-top-small:60px;--awb-spacing-right-small:0px;--awb-margin-bottom-small:20px;--awb-spacing-left-small:0px;\" data-animationtype=\"fadeInUp\" data-animationduration=\"1.3\" data-animationoffset=\"top-into-view\"><div class=\"fusion-column-wrapper fusion-column-has-shadow fusion-flex-justify-content-flex-start fusion-content-layout-column\"><div class=\"fusion-title title fusion-title-4 fusion-sep-none fusion-title-text fusion-title-size-three\" style=\"--awb-font-size:34px;\"><h3 class=\"fusion-title-heading title-heading-left\" style=\"margin:0;font-size:1em;line-height:48px;\">Artivain S.E.N.C.<\/h3><\/div><div class=\"fusion-separator fusion-full-width-sep\" style=\"align-self: center;margin-left: auto;margin-right: auto;margin-bottom:30px;width:100%;\"><div class=\"fusion-separator-border sep-single sep-solid\" style=\"--awb-height:20px;--awb-amount:20px;border-color:var(--awb-color3);border-top-width:3px;\"><\/div><\/div><div class=\"fusion-title title fusion-title-5 fusion-sep-none fusion-title-text fusion-title-size-four\" style=\"--awb-font-size:24px;\"><h4 class=\"fusion-title-heading title-heading-left\" style=\"margin:0;font-size:1em;line-height:1;\">Sales and support<\/h4><\/div><div class=\"fusion-text fusion-text-5 fusion-text-no-margin\" style=\"--awb-margin-right:10%;--awb-margin-bottom:30px;\"><p><a href=\"mailto:info@artivain.com\">info@artivain.com<\/a><br \/><a href=\"tel:+15816816995\">581 681-6995<\/a><\/p>\n<\/div><div class=\"fusion-title title fusion-title-6 fusion-sep-none fusion-title-text fusion-title-size-four\" style=\"--awb-font-size:24px;\"><h4 class=\"fusion-title-heading title-heading-left\" style=\"margin:0;font-size:1em;line-height:1;\">Thomas Fournier<\/h4><\/div><div class=\"fusion-text fusion-text-6 fusion-text-no-margin\" style=\"--awb-margin-right:10%;--awb-margin-bottom:30px;\"><p><a href=\"mailto:thomas@artivain.com\">thomas@artivain.com<\/a><br \/>\n<a href=\"tel:+15816816995\">581 681-6995, ext. 700<\/a><\/p>\n<\/div><div class=\"fusion-title title fusion-title-7 fusion-sep-none fusion-title-text fusion-title-size-four\" style=\"--awb-font-size:24px;\"><h4 class=\"fusion-title-heading title-heading-left\" style=\"margin:0;font-size:1em;line-height:1;\">Jo\u00ebl Moreau<\/h4><\/div><div class=\"fusion-text fusion-text-7 fusion-text-no-margin\" style=\"--awb-margin-right:10%;--awb-margin-bottom:30px;\"><p><a href=\"mailto:joel@artivain.com\">joel@artivain.com<\/a><br \/>\n<a href=\"tel:+15816816995\">581 681-6995, ext. 701<\/a><\/p>\n<\/div><\/div><\/div><\/div><\/div>","protected":false},"excerpt":{"rendered":"","protected":false},"author":1,"featured_media":0,"parent":0,"menu_order":0,"comment_status":"closed","ping_status":"closed","template":"100-width.php","meta":{"footnotes":""},"class_list":["post-1067","page","type-page","status-publish","hentry"],"_links":{"self":[{"href":"https:\/\/artivain.com\/en\/wp-json\/wp\/v2\/pages\/1067","targetHints":{"allow":["GET"]}}],"collection":[{"href":"https:\/\/artivain.com\/en\/wp-json\/wp\/v2\/pages"}],"about":[{"href":"https:\/\/artivain.com\/en\/wp-json\/wp\/v2\/types\/page"}],"author":[{"embeddable":true,"href":"https:\/\/artivain.com\/en\/wp-json\/wp\/v2\/users\/1"}],"replies":[{"embeddable":true,"href":"https:\/\/artivain.com\/en\/wp-json\/wp\/v2\/comments?post=1067"}],"version-history":[{"count":9,"href":"https:\/\/artivain.com\/en\/wp-json\/wp\/v2\/pages\/1067\/revisions"}],"predecessor-version":[{"id":1184,"href":"https:\/\/artivain.com\/en\/wp-json\/wp\/v2\/pages\/1067\/revisions\/1184"}],"wp:attachment":[{"href":"https:\/\/artivain.com\/en\/wp-json\/wp\/v2\/media?parent=1067"}],"curies":[{"name":"wp","href":"https:\/\/api.w.org\/{rel}","templated":true}]}}