{"id":284,"date":"2024-10-29T21:06:46","date_gmt":"2024-10-30T01:06:46","guid":{"rendered":"https:\/\/artivain.com\/?page_id=284"},"modified":"2024-11-02T15:07:24","modified_gmt":"2024-11-02T19:07:24","slug":"conditions","status":"publish","type":"page","link":"https:\/\/artivain.com\/en\/conditions\/","title":{"rendered":"General Terms and Conditions"},"content":{"rendered":"<div class=\"fusion-fullwidth fullwidth-box fusion-builder-row-1 fusion-flex-container has-pattern-background has-mask-background nonhundred-percent-fullwidth non-hundred-percent-height-scrolling\" style=\"--awb-border-radius-top-left:0px;--awb-border-radius-top-right:0px;--awb-border-radius-bottom-right:0px;--awb-border-radius-bottom-left:0px;--awb-flex-wrap:wrap;\" ><div class=\"fusion-builder-row fusion-row fusion-flex-align-items-flex-start fusion-flex-content-wrap\" style=\"max-width:1248px;margin-left: calc(-4% \/ 2 );margin-right: calc(-4% \/ 2 );\"><div class=\"fusion-layout-column fusion_builder_column fusion-builder-column-0 fusion_builder_column_1_1 1_1 fusion-flex-column\" style=\"--awb-bg-size:cover;--awb-width-large:100%;--awb-margin-top-large:0px;--awb-spacing-right-large:1.92%;--awb-margin-bottom-large:20px;--awb-spacing-left-large:1.92%;--awb-width-medium:100%;--awb-order-medium:0;--awb-spacing-right-medium:1.92%;--awb-spacing-left-medium:1.92%;--awb-width-small:100%;--awb-order-small:0;--awb-spacing-right-small:1.92%;--awb-spacing-left-small:1.92%;\"><div class=\"fusion-column-wrapper fusion-column-has-shadow fusion-flex-justify-content-flex-start fusion-content-layout-column\"><div class=\"fusion-title title fusion-title-1 fusion-sep-none fusion-title-text fusion-title-size-one\"><h1 class=\"fusion-title-heading title-heading-left\" style=\"margin:0;\">Terms and Conditions of Sale<\/h1><\/div><div class=\"fusion-text fusion-text-1\" style=\"--awb-content-alignment:justify;\"><h3>Payment methods<\/h3>\n<p>Les paiements peuvent \u00eatre effectu\u00e9s par virement Interac, ch\u00e8que ou via PayPal. Ces m\u00e9thodes sont s\u00e9curis\u00e9es et le paiement doit \u00eatre confirm\u00e9 avant l&rsquo;activation du service.<\/p>\n<h3>Terms of payment<\/h3>\n<p>Le paiement des services doit \u00eatre effectu\u00e9 dans un d\u00e9lai de 30 jours suivant la date de facturation. En cas de retard de paiement, nous nous r\u00e9servons le droit d&rsquo;appliquer des frais de retard allant jusqu&rsquo;\u00e0 10 % du montant total d\u00fb.<\/p>\n<p>In case of non-payment, the service will be deactivated and deleted.<\/p>\n<h3>Guarantees<\/h3>\n<p>Nous offrons une garantie de disponibilit\u00e9 des services d&rsquo;h\u00e9bergement \u00e0 99 % sur une p\u00e9riode de 3 mois. Si cette garantie n&rsquo;est pas respect\u00e9e, un cr\u00e9dit correspondant \u00e0 la dur\u00e9e de l&rsquo;interruption exc\u00e9dant cette limite sera appliqu\u00e9 au compte du client sur demande de celui-ci. Cette garantie ne s&rsquo;applique pas aux cas de force majeure ou aux pannes caus\u00e9s par des facteurs hors de notre contr\u00f4le.<\/p>\n<h3>Refund policy<\/h3>\n<h4>Domain names<\/h4>\n<p>Aucun remboursement n&rsquo;est possible. Nous ne sommes pas responsable des fautes dans le nom de domaine demand\u00e9 lors de la commande.<\/p>\n<h4>Technical support<\/h4>\n<p>Aucun remboursement n&rsquo;est possible.<\/p>\n<h4>Other services<\/h4>\n<p>Un remboursement peut \u00eatre demand\u00e9 sous un d\u00e9lai de 24 heures suivant la commande si le client n&rsquo;est pas satisfait.<\/p>\n<h3>Limitation of liability<\/h3>\n<p>Artivain S.E.N.C. n\u2019est en aucun cas responsable de la perte de donn\u00e9es, sauf indication contraire sur les services concern\u00e9s ou si un service de sauvegarde (backup) a \u00e9t\u00e9 souscrit avec le service concern\u00e9.<\/p>\n<p>Artivain S.E.N.C. d\u00e9cline toute responsabilit\u00e9 pour tout dommage indirect, perte de revenus, ou autres cons\u00e9quences li\u00e9es \u00e0 l&rsquo;interruption des services, sauf en cas de n\u00e9gligence grave de notre part.<\/p>\n<p>&nbsp;<\/p>\n<p>Pour toute question ou pour plus d&rsquo;informations, <a href=\"https:\/\/artivain.com\/en\/nous-contacter\/\">contact us<\/a>.<\/p>\n<p>Updated on September 1st, 2025\n<br>\n<strong>DISCLAIMER:<\/strong> The original version of these Terms and Conditions is in French. This English document is provided for convenience purposes only, and in the case of any conflict or ambiguity, the French version will take precedence.<\/p>\n<\/div><\/div><\/div><\/div><\/div>","protected":false},"excerpt":{"rendered":"","protected":false},"author":1,"featured_media":0,"parent":0,"menu_order":0,"comment_status":"closed","ping_status":"closed","template":"100-width.php","meta":{"footnotes":""},"class_list":["post-284","page","type-page","status-publish","hentry"],"_links":{"self":[{"href":"https:\/\/artivain.com\/en\/wp-json\/wp\/v2\/pages\/284","targetHints":{"allow":["GET"]}}],"collection":[{"href":"https:\/\/artivain.com\/en\/wp-json\/wp\/v2\/pages"}],"about":[{"href":"https:\/\/artivain.com\/en\/wp-json\/wp\/v2\/types\/page"}],"author":[{"embeddable":true,"href":"https:\/\/artivain.com\/en\/wp-json\/wp\/v2\/users\/1"}],"replies":[{"embeddable":true,"href":"https:\/\/artivain.com\/en\/wp-json\/wp\/v2\/comments?post=284"}],"version-history":[{"count":4,"href":"https:\/\/artivain.com\/en\/wp-json\/wp\/v2\/pages\/284\/revisions"}],"predecessor-version":[{"id":291,"href":"https:\/\/artivain.com\/en\/wp-json\/wp\/v2\/pages\/284\/revisions\/291"}],"wp:attachment":[{"href":"https:\/\/artivain.com\/en\/wp-json\/wp\/v2\/media?parent=284"}],"curies":[{"name":"wp","href":"https:\/\/api.w.org\/{rel}","templated":true}]}}